{"id":167,"date":"2021-01-13T14:22:42","date_gmt":"2021-01-13T13:22:42","guid":{"rendered":"http:\/\/azureo-assurances.com\/?page_id=167"},"modified":"2021-01-14T11:25:46","modified_gmt":"2021-01-14T10:25:46","slug":"rc-pro","status":"publish","type":"page","link":"https:\/\/azureo-assurances.com\/index.php\/rc-pro\/","title":{"rendered":"RC PRO"},"content":{"rendered":"\n<div class=\"wp-block-image\"><figure class=\"alignright size-large is-resized\"><img loading=\"lazy\" src=\"http:\/\/azureo-assurances.com\/wp-content\/uploads\/2021\/01\/RCPRO-1015x1024.png\" alt=\"\" class=\"wp-image-168\" width=\"350\" height=\"352\" srcset=\"https:\/\/azureo-assurances.com\/wp-content\/uploads\/2021\/01\/RCPRO-1015x1024.png 1015w, https:\/\/azureo-assurances.com\/wp-content\/uploads\/2021\/01\/RCPRO-298x300.png 298w, https:\/\/azureo-assurances.com\/wp-content\/uploads\/2021\/01\/RCPRO-150x150.png 150w, https:\/\/azureo-assurances.com\/wp-content\/uploads\/2021\/01\/RCPRO-768x774.png 768w, https:\/\/azureo-assurances.com\/wp-content\/uploads\/2021\/01\/RCPRO-100x100.png 100w, https:\/\/azureo-assurances.com\/wp-content\/uploads\/2021\/01\/RCPRO.png 1311w\" sizes=\"(max-width: 350px) 100vw, 350px\" \/><\/figure><\/div>\n\n\n\n<p><\/p>\n\n\n\n<p>La responsabilit\u00e9 civile est l\u2019obligation l\u00e9gale de r\u00e9parer les dommages caus\u00e9s \u00e0 un tiers, elle concerne les particuliers et les professionnels.<br>La Responsabilit\u00e9 civile professionnelle est sp\u00e9cifique aux pros. Une entreprise, de par ses salari\u00e9s, son chef d\u2019entreprise ou sous-traitants (etc.), dans le cadre de son activit\u00e9, peut causer des dommages, des pr\u00e9judices, \u00e0 un client, un voisin ou un passant (etc.), c\u2019est dans ce cas qu\u2019intervient la RC Pro.<\/p>\n\n\n\n<ul><li>Responsabilit\u00e9 civile professionnelle :<br>&#8211; professions m\u00e9dicales<br>&#8211; d\u00e9cennales<br>&#8211; param\u00e9dicales<br>&#8211; professions immobili\u00e8res<br>&#8211; professions de la finance<br>&#8211; esth\u00e9tiques <br>et bien d&#8217;autres&#8230;<\/li><\/ul>\n\n\n\n<p>Azur\u00e9o s&#8217;engage \u00e0 trouver le contrat en ad\u00e9quation avec votre activit\u00e9 et vous permettra de b\u00e9n\u00e9ficier des meilleurs tarifs sur le march\u00e9. N&#8217;h\u00e9sitez plus, prenez rendez-vous !<\/p>\n","protected":false},"excerpt":{"rendered":"<p>La responsabilit\u00e9 civile est l\u2019obligation l\u00e9gale de r\u00e9parer les dommages caus\u00e9s \u00e0 un tiers, elle concerne les particuliers et les professionnels.La Responsabilit\u00e9 civile professionnelle est sp\u00e9cifique aux pros. Une entreprise, de par ses salari\u00e9s, son chef d\u2019entreprise ou sous-traitants (etc.), dans le cadre de son activit\u00e9, peut causer des dommages, des pr\u00e9judices, \u00e0 un client, &hellip; <\/p>\n<p class=\"link-more\"><a href=\"https:\/\/azureo-assurances.com\/index.php\/rc-pro\/\" class=\"more-link\">Continue reading<span class=\"screen-reader-text\"> &#8220;RC PRO&#8221;<\/span><\/a><\/p>\n","protected":false},"author":1,"featured_media":0,"parent":0,"menu_order":0,"comment_status":"closed","ping_status":"closed","template":"","meta":{"_monsterinsights_skip_tracking":false,"_monsterinsights_sitenote_active":false,"_monsterinsights_sitenote_note":"","_monsterinsights_sitenote_category":0},"_links":{"self":[{"href":"https:\/\/azureo-assurances.com\/index.php\/wp-json\/wp\/v2\/pages\/167"}],"collection":[{"href":"https:\/\/azureo-assurances.com\/index.php\/wp-json\/wp\/v2\/pages"}],"about":[{"href":"https:\/\/azureo-assurances.com\/index.php\/wp-json\/wp\/v2\/types\/page"}],"author":[{"embeddable":true,"href":"https:\/\/azureo-assurances.com\/index.php\/wp-json\/wp\/v2\/users\/1"}],"replies":[{"embeddable":true,"href":"https:\/\/azureo-assurances.com\/index.php\/wp-json\/wp\/v2\/comments?post=167"}],"version-history":[{"count":3,"href":"https:\/\/azureo-assurances.com\/index.php\/wp-json\/wp\/v2\/pages\/167\/revisions"}],"predecessor-version":[{"id":209,"href":"https:\/\/azureo-assurances.com\/index.php\/wp-json\/wp\/v2\/pages\/167\/revisions\/209"}],"wp:attachment":[{"href":"https:\/\/azureo-assurances.com\/index.php\/wp-json\/wp\/v2\/media?parent=167"}],"curies":[{"name":"wp","href":"https:\/\/api.w.org\/{rel}","templated":true}]}}