{"id":14,"date":"2021-01-11T16:29:41","date_gmt":"2021-01-11T15:29:41","guid":{"rendered":"http:\/\/azureo-assurances.com\/?page_id=14"},"modified":"2021-01-13T17:07:54","modified_gmt":"2021-01-13T16:07:54","slug":"accueil","status":"publish","type":"page","link":"https:\/\/azureo-assurances.com\/","title":{"rendered":"Qui sommes-nous ?"},"content":{"rendered":"\n<p> Le cabinet Azur\u00e9o Assurances, est un cabinet de courtage existant depuis 2015 avec un seul objectif : <strong>vous trouver des solutions adapt\u00e9es \u00e0 votre profil et surtout adapt\u00e9es \u00e0 vos besoins<\/strong>.<\/p>\n\n\n\n<p>Particuliers ou professionnels, chefs d&#8217;entreprises, jeunes ou plus \u00e2g\u00e9s, vous saurez appr\u00e9cier le travail de <em><strong>v\u00e9ritables professionnels de l&#8217;assurances<\/strong><\/em>.<\/p>\n\n\n\n<p>Vous trouverez sur ce site, diff\u00e9rents articles vous permettant de prendre connaissance de nos domaines d&#8217;interventions et, de prendre contact avec nous pour avoir plus de renseignements.<\/p>\n\n\n\n<h2><strong>Notre m\u00e9thode :<\/strong><\/h2>\n\n\n\n<p>Trouvez ensemble une strat\u00e9gie qui vous ressemble; sur-mesure, et adapt\u00e9e \u00e0 votre profil.<\/p>\n\n\n\n<div class=\"wp-block-image\"><figure class=\"aligncenter size-large is-resized\"><img loading=\"lazy\" src=\"http:\/\/azureo-assurances.com\/wp-content\/uploads\/2021\/01\/Image25-1-1024x718.png\" alt=\"\" class=\"wp-image-109\" width=\"801\" height=\"561\" srcset=\"https:\/\/azureo-assurances.com\/wp-content\/uploads\/2021\/01\/Image25-1-1024x718.png 1024w, https:\/\/azureo-assurances.com\/wp-content\/uploads\/2021\/01\/Image25-1-300x210.png 300w, https:\/\/azureo-assurances.com\/wp-content\/uploads\/2021\/01\/Image25-1-768x538.png 768w, https:\/\/azureo-assurances.com\/wp-content\/uploads\/2021\/01\/Image25-1.png 1345w\" sizes=\"(max-width: 706px) 89vw, (max-width: 767px) 82vw, 740px\" \/><\/figure><\/div>\n","protected":false},"excerpt":{"rendered":"<p>Le cabinet Azur\u00e9o Assurances, est un cabinet de courtage existant depuis 2015 avec un seul objectif : vous trouver des solutions adapt\u00e9es \u00e0 votre profil et surtout adapt\u00e9es \u00e0 vos besoins. Particuliers ou professionnels, chefs d&#8217;entreprises, jeunes ou plus \u00e2g\u00e9s, vous saurez appr\u00e9cier le travail de v\u00e9ritables professionnels de l&#8217;assurances. Vous trouverez sur ce site, &hellip; <\/p>\n<p class=\"link-more\"><a href=\"https:\/\/azureo-assurances.com\/\" class=\"more-link\">Continue reading<span class=\"screen-reader-text\"> &#8220;Qui sommes-nous ?&#8221;<\/span><\/a><\/p>\n","protected":false},"author":1,"featured_media":39,"parent":0,"menu_order":0,"comment_status":"closed","ping_status":"closed","template":"","meta":{"_monsterinsights_skip_tracking":false,"_monsterinsights_sitenote_active":false,"_monsterinsights_sitenote_note":"","_monsterinsights_sitenote_category":0},"_links":{"self":[{"href":"https:\/\/azureo-assurances.com\/index.php\/wp-json\/wp\/v2\/pages\/14"}],"collection":[{"href":"https:\/\/azureo-assurances.com\/index.php\/wp-json\/wp\/v2\/pages"}],"about":[{"href":"https:\/\/azureo-assurances.com\/index.php\/wp-json\/wp\/v2\/types\/page"}],"author":[{"embeddable":true,"href":"https:\/\/azureo-assurances.com\/index.php\/wp-json\/wp\/v2\/users\/1"}],"replies":[{"embeddable":true,"href":"https:\/\/azureo-assurances.com\/index.php\/wp-json\/wp\/v2\/comments?post=14"}],"version-history":[{"count":10,"href":"https:\/\/azureo-assurances.com\/index.php\/wp-json\/wp\/v2\/pages\/14\/revisions"}],"predecessor-version":[{"id":200,"href":"https:\/\/azureo-assurances.com\/index.php\/wp-json\/wp\/v2\/pages\/14\/revisions\/200"}],"wp:featuredmedia":[{"embeddable":true,"href":"https:\/\/azureo-assurances.com\/index.php\/wp-json\/wp\/v2\/media\/39"}],"wp:attachment":[{"href":"https:\/\/azureo-assurances.com\/index.php\/wp-json\/wp\/v2\/media?parent=14"}],"curies":[{"name":"wp","href":"https:\/\/api.w.org\/{rel}","templated":true}]}}